{"id":855,"date":"2025-07-01T18:47:27","date_gmt":"2025-07-01T16:47:27","guid":{"rendered":"https:\/\/odysseeraoul.com\/?page_id=855"},"modified":"2025-07-01T19:42:23","modified_gmt":"2025-07-01T17:42:23","slug":"les-mercredis-creatifs","status":"publish","type":"page","link":"https:\/\/odysseeraoul.com\/index.php\/les-mercredis-creatifs\/","title":{"rendered":"Les mercredis cr\u00e9atifs"},"content":{"rendered":"\n<p>Cet \u00e9t\u00e9, retrouvez-nous tous les mercredis matins sur la place communale de La B\u00e2tie \u00e0 Peyroules (04) de 10h \u00e0 12h<\/p>\n\n\n\n<div class=\"wp-block-buttons is-content-justification-center is-layout-flex wp-container-core-buttons-is-layout-16018d1d wp-block-buttons-is-layout-flex\">\n<div class=\"wp-block-button\"><a class=\"wp-block-button__link wp-element-button\" href=\"mailto:odysseeraoul@gmail.com\">S&rsquo;inscrire<\/a><\/div>\n<\/div>\n\n\n\n<div style=\"height:17px\" aria-hidden=\"true\" class=\"wp-block-spacer\"><\/div>\n\n\n\n<p>Ces mercredis cr\u00e9atifs sont l&rsquo;occasion de tester de nouvelles mati\u00e8res, appr\u00e9hender la forme et la couleur.<br>Format : 1h30 \u00e0 2h, ouvert \u00e0 tous (adultes et enfants accompagn\u00e9s d\u00e8s 5 ans). <br>Participation libre<\/p>\n\n\n\n<p><strong>Mercredi 2 juillet<\/strong> : D\u00e9couverte de la peinture su\u00e9doise sur panneau bois (peinture \u00e0 la farine, \u00e9cologique et pigment\u00e9e)<\/p>\n\n\n\n<p><strong>Mercredi 9 juillet<\/strong> : Cr\u00e9er des formes libres ou figuratives \u00e0 partir de papier recycl\u00e9 (papier m\u00e2ch\u00e9)<\/p>\n\n\n\n<p><strong>Mercredi 16 juillet<\/strong> : Finalisation et peinture des sculptures \u00e0 la gouache<\/p>\n\n\n\n<p><strong>Mercredi 23 juillet<\/strong> : Prise d&#8217;empreintes naturelles ou corporelles au pl\u00e2tre pour habiller le sentier artistique<\/p>\n\n\n\n<p><strong>Mercredi 30 juillet<\/strong> : Atelier libre \u00e0 la gouache<\/p>\n\n\n\n<p><strong>Mercredi 6 ao\u00fbt<\/strong> : <strong>Pas d&rsquo;atelier<\/strong> \/ Installation de l\u2019exposition \u00e0 Ville (Peyroules) \u2013 <strong>temps ouvert pour b\u00e9n\u00e9voles ou curieux<\/strong><\/p>\n\n\n\n<p><strong>Mercredi 13 ao\u00fbt<\/strong> : Peinture sur le motif \u00e0 la gouache au hameau de Ville (20\u20ac la s\u00e9ance\/15\u20ac pour les adh\u00e9rents, mat\u00e9riel compris)<\/p>\n\n\n\n<p><strong>Mercredi 20 ao\u00fbt<\/strong> : Exp\u00e9rimenter avec les couleurs issues des plantes (chou rouge, marc de caf\u00e9, fane de carotte, baie de sureau&#8230;)<br><\/p>\n\n\n<div class=\"wp-block-image\">\n<figure class=\"aligncenter size-large\"><img data-recalc-dims=\"1\" loading=\"lazy\" decoding=\"async\" width=\"724\" height=\"1024\" src=\"https:\/\/i0.wp.com\/odysseeraoul.com\/wp-content\/uploads\/2025\/07\/Mercredis-creatifs.jpg?resize=724%2C1024&#038;ssl=1\" alt=\"\" class=\"wp-image-857\" srcset=\"https:\/\/i0.wp.com\/odysseeraoul.com\/wp-content\/uploads\/2025\/07\/Mercredis-creatifs-scaled.jpg?resize=724%2C1024&amp;ssl=1 724w, https:\/\/i0.wp.com\/odysseeraoul.com\/wp-content\/uploads\/2025\/07\/Mercredis-creatifs-scaled.jpg?resize=212%2C300&amp;ssl=1 212w, https:\/\/i0.wp.com\/odysseeraoul.com\/wp-content\/uploads\/2025\/07\/Mercredis-creatifs-scaled.jpg?resize=768%2C1086&amp;ssl=1 768w, https:\/\/i0.wp.com\/odysseeraoul.com\/wp-content\/uploads\/2025\/07\/Mercredis-creatifs-scaled.jpg?resize=1086%2C1536&amp;ssl=1 1086w, https:\/\/i0.wp.com\/odysseeraoul.com\/wp-content\/uploads\/2025\/07\/Mercredis-creatifs-scaled.jpg?resize=1448%2C2048&amp;ssl=1 1448w, https:\/\/i0.wp.com\/odysseeraoul.com\/wp-content\/uploads\/2025\/07\/Mercredis-creatifs-scaled.jpg?w=1810&amp;ssl=1 1810w\" sizes=\"auto, (max-width: 724px) 100vw, 724px\" \/><\/figure>\n<\/div>\n\n\n<hr class=\"wp-block-separator has-alpha-channel-opacity\"\/>\n\n\n\n<h2 class=\"wp-block-heading\">LEs petits plus de Raoul<\/h2>\n\n\n\n<p><strong>Mercredi 30 juillet \u00e0 18h30<\/strong> : Atelier mensuel gratuit (pour les adh\u00e9rents uniquement)<\/p>\n\n\n\n<p><strong><span class=\"highlight\">Cet \u00e9t\u00e9, Auriane exposera ces \u0153uvres dans l&rsquo;\u00e9glise Saint-Pons au hameau de Ville du 08 au 17 ao\u00fbt 2025<\/span><\/strong><br>Il y aura un atelier <strong>peinture sur le motif \u00e0 la gouache chaque jour de 10h \u00e0 12h<\/strong> <strong>du dimanche 10 au vendredi 15 ao\u00fbt<\/strong> (possibilit\u00e9 de coupler avec un mini stage \u00e0 la journ\u00e9e pour apprendre la technique compl\u00e8te d&rsquo;Auriane). Cet atelier est au tarif unique de 20\u20ac par personne (15\u20ac pour les adh\u00e9rents de L&rsquo;Odyss\u00e9e de Raoul)<\/p>\n\n\n\n<figure class=\"wp-block-image size-large\"><img data-recalc-dims=\"1\" loading=\"lazy\" decoding=\"async\" width=\"1024\" height=\"826\" src=\"https:\/\/i0.wp.com\/odysseeraoul.com\/wp-content\/uploads\/2025\/07\/atelier_peinture.jpg?resize=1024%2C826&#038;ssl=1\" alt=\"\" class=\"wp-image-856\" srcset=\"https:\/\/i0.wp.com\/odysseeraoul.com\/wp-content\/uploads\/2025\/07\/atelier_peinture.jpg?resize=1024%2C826&amp;ssl=1 1024w, https:\/\/i0.wp.com\/odysseeraoul.com\/wp-content\/uploads\/2025\/07\/atelier_peinture.jpg?resize=300%2C242&amp;ssl=1 300w, https:\/\/i0.wp.com\/odysseeraoul.com\/wp-content\/uploads\/2025\/07\/atelier_peinture.jpg?resize=768%2C619&amp;ssl=1 768w, https:\/\/i0.wp.com\/odysseeraoul.com\/wp-content\/uploads\/2025\/07\/atelier_peinture.jpg?resize=1536%2C1239&amp;ssl=1 1536w, https:\/\/i0.wp.com\/odysseeraoul.com\/wp-content\/uploads\/2025\/07\/atelier_peinture.jpg?resize=2048%2C1652&amp;ssl=1 2048w, https:\/\/i0.wp.com\/odysseeraoul.com\/wp-content\/uploads\/2025\/07\/atelier_peinture.jpg?w=2400&amp;ssl=1 2400w\" sizes=\"auto, (max-width: 1024px) 100vw, 1024px\" \/><\/figure>\n","protected":false},"excerpt":{"rendered":"<p>Cet \u00e9t\u00e9, retrouvez-nous tous les mercredis matins sur la place communale de La B\u00e2tie \u00e0 Peyroules (04) de 10h \u00e0 12h Ces mercredis cr\u00e9atifs sont l&rsquo;occasion de tester de nouvelles&hellip;&nbsp;<a href=\"https:\/\/odysseeraoul.com\/index.php\/les-mercredis-creatifs\/\" rel=\"bookmark\">Lire la suite &raquo;<span class=\"screen-reader-text\">Les mercredis cr\u00e9atifs<\/span><\/a><\/p>\n","protected":false},"author":1,"featured_media":0,"parent":0,"menu_order":0,"comment_status":"closed","ping_status":"closed","template":"","meta":{"neve_meta_sidebar":"","neve_meta_container":"","neve_meta_enable_content_width":"","neve_meta_content_width":0,"neve_meta_title_alignment":"","neve_meta_author_avatar":"","neve_post_elements_order":"","neve_meta_disable_header":"","neve_meta_disable_footer":"","neve_meta_disable_title":"","_themeisle_gutenberg_block_has_review":false,"jetpack_post_was_ever_published":false,"footnotes":""},"class_list":["post-855","page","type-page","status-publish","hentry"],"jetpack_sharing_enabled":true,"_links":{"self":[{"href":"https:\/\/odysseeraoul.com\/index.php\/wp-json\/wp\/v2\/pages\/855","targetHints":{"allow":["GET"]}}],"collection":[{"href":"https:\/\/odysseeraoul.com\/index.php\/wp-json\/wp\/v2\/pages"}],"about":[{"href":"https:\/\/odysseeraoul.com\/index.php\/wp-json\/wp\/v2\/types\/page"}],"author":[{"embeddable":true,"href":"https:\/\/odysseeraoul.com\/index.php\/wp-json\/wp\/v2\/users\/1"}],"replies":[{"embeddable":true,"href":"https:\/\/odysseeraoul.com\/index.php\/wp-json\/wp\/v2\/comments?post=855"}],"version-history":[{"count":5,"href":"https:\/\/odysseeraoul.com\/index.php\/wp-json\/wp\/v2\/pages\/855\/revisions"}],"predecessor-version":[{"id":871,"href":"https:\/\/odysseeraoul.com\/index.php\/wp-json\/wp\/v2\/pages\/855\/revisions\/871"}],"wp:attachment":[{"href":"https:\/\/odysseeraoul.com\/index.php\/wp-json\/wp\/v2\/media?parent=855"}],"curies":[{"name":"wp","href":"https:\/\/api.w.org\/{rel}","templated":true}]}}