{"id":80,"date":"2021-06-01T01:46:31","date_gmt":"2021-05-31T23:46:31","guid":{"rendered":"http:\/\/odysseeraoul.com\/?page_id=80"},"modified":"2022-07-07T15:12:00","modified_gmt":"2022-07-07T13:12:00","slug":"devenir-partenaire","status":"publish","type":"page","link":"https:\/\/odysseeraoul.com\/index.php\/devenir-partenaire\/","title":{"rendered":"Nos partenaires"},"content":{"rendered":"\n<div class=\"wp-block-columns is-layout-flex wp-container-core-columns-is-layout-9d6595d7 wp-block-columns-is-layout-flex\">\n<div class=\"wp-block-column is-vertically-aligned-center is-layout-flow wp-block-column-is-layout-flow\" style=\"flex-basis:100%\">\n<div class=\"wp-block-columns are-vertically-aligned-center is-layout-flex wp-container-core-columns-is-layout-9d6595d7 wp-block-columns-is-layout-flex\">\n<div class=\"wp-block-column is-vertically-aligned-center is-layout-flow wp-block-column-is-layout-flow\"><div class=\"wp-block-image\">\n<figure class=\"aligncenter size-large\"><a href=\"https:\/\/sylorion.com\/\"><img data-recalc-dims=\"1\" loading=\"lazy\" decoding=\"async\" width=\"1024\" height=\"220\" src=\"https:\/\/i0.wp.com\/odysseeraoul.com\/wp-content\/uploads\/2021\/06\/LOGO3.png?resize=1024%2C220&#038;ssl=1\" alt=\"\" class=\"wp-image-97\" srcset=\"https:\/\/i0.wp.com\/odysseeraoul.com\/wp-content\/uploads\/2021\/06\/LOGO3.png?resize=1024%2C220&amp;ssl=1 1024w, https:\/\/i0.wp.com\/odysseeraoul.com\/wp-content\/uploads\/2021\/06\/LOGO3.png?resize=300%2C64&amp;ssl=1 300w, https:\/\/i0.wp.com\/odysseeraoul.com\/wp-content\/uploads\/2021\/06\/LOGO3.png?resize=768%2C165&amp;ssl=1 768w, https:\/\/i0.wp.com\/odysseeraoul.com\/wp-content\/uploads\/2021\/06\/LOGO3.png?w=1514&amp;ssl=1 1514w\" sizes=\"auto, (max-width: 1024px) 100vw, 1024px\" \/><\/a><figcaption>Entreprise sp\u00e9cialis\u00e9e dans les services informatiques (92)<\/figcaption><\/figure>\n<\/div><\/div>\n\n\n\n<div class=\"wp-block-column is-vertically-aligned-center is-layout-flow wp-block-column-is-layout-flow\"><div class=\"wp-block-image\">\n<figure class=\"aligncenter size-large\"><a href=\"http:\/\/www.rotary-nevers.com\/\"><img data-recalc-dims=\"1\" loading=\"lazy\" decoding=\"async\" width=\"400\" height=\"156\" src=\"https:\/\/i0.wp.com\/odysseeraoul.com\/wp-content\/uploads\/2021\/06\/Rotary_int_logo.png?resize=400%2C156&#038;ssl=1\" alt=\"Rotary Club de Nevers\" class=\"wp-image-96\" srcset=\"https:\/\/i0.wp.com\/odysseeraoul.com\/wp-content\/uploads\/2021\/06\/Rotary_int_logo.png?w=400&amp;ssl=1 400w, https:\/\/i0.wp.com\/odysseeraoul.com\/wp-content\/uploads\/2021\/06\/Rotary_int_logo.png?resize=300%2C117&amp;ssl=1 300w\" sizes=\"auto, (max-width: 400px) 100vw, 400px\" \/><\/a><figcaption>Association caritative Rotary Club de Nevers (58) <\/figcaption><\/figure>\n<\/div><\/div>\n\n\n\n<div class=\"wp-block-column is-layout-flow wp-block-column-is-layout-flow\"><div class=\"wp-block-image\">\n<figure class=\"aligncenter size-large is-resized\"><a href=\"https:\/\/www.geant-beaux-arts.fr\/\"><img data-recalc-dims=\"1\" loading=\"lazy\" decoding=\"async\" src=\"https:\/\/i0.wp.com\/odysseeraoul.com\/wp-content\/uploads\/2022\/07\/Le-Geant-des-Beaux-Arts-HD-300dpi.jpg?resize=434%2C97&#038;ssl=1\" alt=\"\" class=\"wp-image-487\" width=\"434\" height=\"97\" srcset=\"https:\/\/i0.wp.com\/odysseeraoul.com\/wp-content\/uploads\/2022\/07\/Le-Geant-des-Beaux-Arts-HD-300dpi.jpg?resize=1024%2C229&amp;ssl=1 1024w, https:\/\/i0.wp.com\/odysseeraoul.com\/wp-content\/uploads\/2022\/07\/Le-Geant-des-Beaux-Arts-HD-300dpi.jpg?resize=300%2C67&amp;ssl=1 300w, https:\/\/i0.wp.com\/odysseeraoul.com\/wp-content\/uploads\/2022\/07\/Le-Geant-des-Beaux-Arts-HD-300dpi.jpg?resize=768%2C172&amp;ssl=1 768w, https:\/\/i0.wp.com\/odysseeraoul.com\/wp-content\/uploads\/2022\/07\/Le-Geant-des-Beaux-Arts-HD-300dpi.jpg?resize=1536%2C343&amp;ssl=1 1536w, https:\/\/i0.wp.com\/odysseeraoul.com\/wp-content\/uploads\/2022\/07\/Le-Geant-des-Beaux-Arts-HD-300dpi.jpg?w=2000&amp;ssl=1 2000w\" sizes=\"auto, (max-width: 434px) 100vw, 434px\" \/><\/a><figcaption>Sp\u00e9cialiste de la vente \u00e0 distance de mat\u00e9riels pour les artistes<\/figcaption><\/figure>\n<\/div><\/div>\n<\/div>\n<\/div>\n<\/div>\n\n\n\n<div class=\"wp-block-columns alignwide are-vertically-aligned-center is-layout-flex wp-container-core-columns-is-layout-9d6595d7 wp-block-columns-is-layout-flex\">\n<div class=\"wp-block-column is-vertically-aligned-center is-layout-flow wp-block-column-is-layout-flow\"><div class=\"wp-block-image\">\n<figure class=\"aligncenter size-large is-resized\"><a href=\"https:\/\/neuville-aux-bois.guy-hoquet.com\/\"><img data-recalc-dims=\"1\" loading=\"lazy\" decoding=\"async\" src=\"https:\/\/i0.wp.com\/odysseeraoul.com\/wp-content\/uploads\/2021\/06\/Logo_Guy_Hoquet_lImmobilier.png?resize=158%2C157&#038;ssl=1\" alt=\"Agence Guy Hoquet Neuville aux Boix\" class=\"wp-image-94\" width=\"158\" height=\"157\" srcset=\"https:\/\/i0.wp.com\/odysseeraoul.com\/wp-content\/uploads\/2021\/06\/Logo_Guy_Hoquet_lImmobilier.png?w=452&amp;ssl=1 452w, https:\/\/i0.wp.com\/odysseeraoul.com\/wp-content\/uploads\/2021\/06\/Logo_Guy_Hoquet_lImmobilier.png?resize=300%2C300&amp;ssl=1 300w, https:\/\/i0.wp.com\/odysseeraoul.com\/wp-content\/uploads\/2021\/06\/Logo_Guy_Hoquet_lImmobilier.png?resize=150%2C150&amp;ssl=1 150w\" sizes=\"auto, (max-width: 158px) 100vw, 158px\" \/><\/a><figcaption>Agence immobili\u00e8re Guy Hoquet de Neuville Aux bois (45)<\/figcaption><\/figure>\n<\/div><\/div>\n\n\n\n<div class=\"wp-block-column is-vertically-aligned-center is-layout-flow wp-block-column-is-layout-flow\"><div class=\"wp-block-image\">\n<figure class=\"aligncenter size-large is-resized\"><a href=\"https:\/\/www.laedu13eme.com\/\"><img data-recalc-dims=\"1\" loading=\"lazy\" decoding=\"async\" src=\"https:\/\/i0.wp.com\/odysseeraoul.com\/wp-content\/uploads\/2021\/07\/LOGO-auto-e%CC%81cole-final10710-2.jpg?resize=207%2C207&#038;ssl=1\" alt=\"\" class=\"wp-image-152\" width=\"207\" height=\"207\" srcset=\"https:\/\/i0.wp.com\/odysseeraoul.com\/wp-content\/uploads\/2021\/07\/LOGO-auto-e%CC%81cole-final10710-2.jpg?resize=1024%2C1024&amp;ssl=1 1024w, https:\/\/i0.wp.com\/odysseeraoul.com\/wp-content\/uploads\/2021\/07\/LOGO-auto-e%CC%81cole-final10710-2.jpg?resize=300%2C300&amp;ssl=1 300w, https:\/\/i0.wp.com\/odysseeraoul.com\/wp-content\/uploads\/2021\/07\/LOGO-auto-e%CC%81cole-final10710-2.jpg?resize=150%2C150&amp;ssl=1 150w, https:\/\/i0.wp.com\/odysseeraoul.com\/wp-content\/uploads\/2021\/07\/LOGO-auto-e%CC%81cole-final10710-2.jpg?resize=768%2C768&amp;ssl=1 768w, https:\/\/i0.wp.com\/odysseeraoul.com\/wp-content\/uploads\/2021\/07\/LOGO-auto-e%CC%81cole-final10710-2.jpg?resize=1536%2C1536&amp;ssl=1 1536w, https:\/\/i0.wp.com\/odysseeraoul.com\/wp-content\/uploads\/2021\/07\/LOGO-auto-e%CC%81cole-final10710-2.jpg?resize=2048%2C2048&amp;ssl=1 2048w\" sizes=\"auto, (max-width: 207px) 100vw, 207px\" \/><\/a><figcaption>Auto-Ecole du 13\u00e8me de ligne (58)<\/figcaption><\/figure>\n<\/div><\/div>\n\n\n\n<div class=\"wp-block-column is-vertically-aligned-center is-layout-flow wp-block-column-is-layout-flow\"><div class=\"wp-block-image\">\n<figure class=\"aligncenter size-full\"><a href=\"https:\/\/www.facebook.com\/LesLunettesselonSarah\/\"><img data-recalc-dims=\"1\" loading=\"lazy\" decoding=\"async\" width=\"788\" height=\"454\" src=\"https:\/\/i0.wp.com\/odysseeraoul.com\/wp-content\/uploads\/2021\/09\/1601902237-logo-lunettes-sarah-1.png?resize=788%2C454&#038;ssl=1\" alt=\"\" class=\"wp-image-176\" srcset=\"https:\/\/i0.wp.com\/odysseeraoul.com\/wp-content\/uploads\/2021\/09\/1601902237-logo-lunettes-sarah-1.png?w=788&amp;ssl=1 788w, https:\/\/i0.wp.com\/odysseeraoul.com\/wp-content\/uploads\/2021\/09\/1601902237-logo-lunettes-sarah-1.png?resize=300%2C173&amp;ssl=1 300w, https:\/\/i0.wp.com\/odysseeraoul.com\/wp-content\/uploads\/2021\/09\/1601902237-logo-lunettes-sarah-1.png?resize=768%2C442&amp;ssl=1 768w\" sizes=\"auto, (max-width: 788px) 100vw, 788px\" \/><\/a><figcaption>Opticien \u00e0 Varennes-Vauzelles (58)<\/figcaption><\/figure>\n<\/div><\/div>\n<\/div>\n\n\n\n<h2 class=\"wp-block-heading\">devenir partenaire<\/h2>\n\n\n\n<p>L&rsquo;Odyss\u00e9e de Raoul est avant tout un projet solidaire. Nous avons besoin de vous pour permettre l&rsquo;acc\u00e8s \u00e0 ces ateliers de peinture bien-\u00eatre \u00e0 tous sans que le co\u00fbt de ces ateliers soient un frein. En contrepartie, nous vous proposons un moyen de communication fort et en ligne avec vos valeurs. <\/p>\n\n\n\n<div class=\"wp-block-buttons alignwide is-horizontal is-content-justification-center is-layout-flex wp-container-core-buttons-is-layout-499968f5 wp-block-buttons-is-layout-flex\">\n<div class=\"wp-block-button is-style-primary\"><a class=\"wp-block-button__link\" href=\"https:\/\/us7.list-manage.com\/contact-form?u=8db700e79785c7faa4c396e79&amp;form_id=7761978bc33012e734de641c76e4db2e\">NOUS CONTACTER<\/a><\/div>\n\n\n\n<div class=\"wp-block-button is-style-secondary\"><a class=\"wp-block-button__link\" href=\"https:\/\/odysseeraoul.com\/wp-content\/uploads\/2021\/06\/ODR_BonCommande.pdf\">bon de commande<\/a><\/div>\n<\/div>\n","protected":false},"excerpt":{"rendered":"<p>devenir partenaire L&rsquo;Odyss\u00e9e de Raoul est avant tout un projet solidaire. Nous avons besoin de vous pour permettre l&rsquo;acc\u00e8s \u00e0 ces ateliers de peinture bien-\u00eatre \u00e0 tous sans que le&hellip;&nbsp;<a href=\"https:\/\/odysseeraoul.com\/index.php\/devenir-partenaire\/\" rel=\"bookmark\">Lire la suite &raquo;<span class=\"screen-reader-text\">Nos partenaires<\/span><\/a><\/p>\n","protected":false},"author":1,"featured_media":0,"parent":0,"menu_order":0,"comment_status":"closed","ping_status":"closed","template":"","meta":{"neve_meta_sidebar":"full-width","neve_meta_container":"","neve_meta_enable_content_width":"on","neve_meta_content_width":100,"neve_meta_title_alignment":"","neve_meta_author_avatar":"","neve_post_elements_order":"","neve_meta_disable_header":"","neve_meta_disable_footer":"","neve_meta_disable_title":"","_themeisle_gutenberg_block_has_review":false,"jetpack_post_was_ever_published":false,"footnotes":""},"class_list":["post-80","page","type-page","status-publish","hentry"],"jetpack_sharing_enabled":true,"_links":{"self":[{"href":"https:\/\/odysseeraoul.com\/index.php\/wp-json\/wp\/v2\/pages\/80","targetHints":{"allow":["GET"]}}],"collection":[{"href":"https:\/\/odysseeraoul.com\/index.php\/wp-json\/wp\/v2\/pages"}],"about":[{"href":"https:\/\/odysseeraoul.com\/index.php\/wp-json\/wp\/v2\/types\/page"}],"author":[{"embeddable":true,"href":"https:\/\/odysseeraoul.com\/index.php\/wp-json\/wp\/v2\/users\/1"}],"replies":[{"embeddable":true,"href":"https:\/\/odysseeraoul.com\/index.php\/wp-json\/wp\/v2\/comments?post=80"}],"version-history":[{"count":10,"href":"https:\/\/odysseeraoul.com\/index.php\/wp-json\/wp\/v2\/pages\/80\/revisions"}],"predecessor-version":[{"id":488,"href":"https:\/\/odysseeraoul.com\/index.php\/wp-json\/wp\/v2\/pages\/80\/revisions\/488"}],"wp:attachment":[{"href":"https:\/\/odysseeraoul.com\/index.php\/wp-json\/wp\/v2\/media?parent=80"}],"curies":[{"name":"wp","href":"https:\/\/api.w.org\/{rel}","templated":true}]}}