{"id":428,"date":"2022-06-01T17:13:32","date_gmt":"2022-06-01T15:13:32","guid":{"rendered":"https:\/\/odysseeraoul.com\/?page_id=428"},"modified":"2025-07-01T19:37:49","modified_gmt":"2025-07-01T17:37:49","slug":"infos-tarifs","status":"publish","type":"page","link":"https:\/\/odysseeraoul.com\/index.php\/infos-tarifs\/","title":{"rendered":"Infos \/ Tarifs"},"content":{"rendered":"\n<h3 class=\"wp-block-heading\">10\u20ac \u2014 Adh\u00e9rer \u00e0 l&rsquo;association \u00ab\u00a0L&rsquo;Odyss\u00e9e de Raoul\u00a0\u00bb<\/h3>\n\n\n\n<p>Depuis le d\u00e9but de projet nous avons vu un r\u00e9el engouement envers cette aventure et nous tenons \u00e0 vous remercier chaleureusement !<\/p>\n\n\n\n<p>Afin de soutenir ce projet, nous vous proposons d&rsquo;adh\u00e9rer \u00e0 l&rsquo;association loi 1901 \u00ab\u00a0L&rsquo;Odyss\u00e9e de Raoul\u00a0\u00bb <br>Cette adh\u00e9sion nous aidera \u00e0 financer ce p\u00e9riple et pouvoir se rendre aupr\u00e8s des personnes dans les communes isol\u00e9es de France puis d&rsquo;Europe. Il s&rsquo;agit d&rsquo;une adh\u00e9sion pour l&rsquo;ann\u00e9e civile <\/p>\n\n\n\n<iframe id=\"haWidget\" allowtransparency=\"true\" src=\"https:\/\/www.helloasso.com\/associations\/association-l-odyssee-de-raoul\/adhesions\/adhesion-a-l-association\/widget-bouton\" style=\"width: 100%; height: 70px; border: none;\" onload=\"window.addEventListener( 'message', e => { const dataHeight = e.data.height; const haWidgetElement = document.getElementById(&lsquo;haWidget&rsquo;); haWidgetElement.height = dataHeight + &lsquo;px&rsquo;; } )\u00a0\u00bb ><\/iframe>\n\n\n\n<hr class=\"wp-block-separator has-alpha-channel-opacity\"\/>\n\n\n\n<h3 class=\"wp-block-heading\">20\u20ac \u2014 Une s\u00e9ance de peinture de 1h30 en plein air, mat\u00e9riel compris<\/h3>\n\n\n\n<p>Auriane vous accompagne pour une pause bien-\u00eatre par la couleur. Pas de comp\u00e9tences picturales requises ! <br>Au contraire, par le dialogue et la peinture, nous utilisons ce m\u00e9dium pour s&rsquo;exprimer sur la feuille. L&rsquo;essentiel est de chercher \u00e0 se sentir bien, faire parler sa cr\u00e9ativit\u00e9 avant de chercher \u00e0 faire du \u00ab\u00a0beau\u00a0\u00bb.<\/p>\n\n\n\n<p>Les artistes amateurs sont \u00e9galement les bienvenus, Auriane s&rsquo;adapte \u00e0 chacun pour explorer de nouvelles techniques. <br>Support fournis : papier 250gr A4 \/ A3 \/ A2. Possibilit\u00e9 de venir avec son propre support (toile vierge, carnet\u2026)<\/p>\n\n\n\n<p>Inscription sur place par ch\u00e8que ou esp\u00e8ce ou en ligne via HelloAsso<\/p>\n\n\n\n<iframe id=\"haWidget\" allowtransparency=\"true\" src=\"https:\/\/www.helloasso.com\/associations\/association-l-odyssee-de-raoul\/evenements\/atelier-en-plein-air\/widget-vignette\" style=\"width:350px;border:none;\" onload=\"window.addEventListener( 'message', e => { const dataHeight = e.data.height; const haWidgetElement = document.getElementById(&lsquo;haWidget&rsquo;); haWidgetElement.height = dataHeight + &lsquo;px&rsquo;; } )\u00a0\u00bb><\/iframe>\n\n\n\n<div class=\"wp-block-themeisle-blocks-modal\"><\/div>\n\n\n\n<h3 class=\"wp-block-heading\">25% de r\u00e9duction pour les adh\u00e9rents<\/h3>\n\n\n\n<p>Soit 10\u20ac de l&rsquo;heure, accompagnement professionnel et mat\u00e9riel compris \ud83d\ude09 <br>De quoi bien progresser !<br>Voir sur place avec l&rsquo;artiste pour \u00e9tablir combien de s\u00e9ances vous souhaitez suivre.<\/p>\n\n\n\n<script data-js='tribe-events-view-nonce-data' type='application\/json'>{\"tvn1\":\"2914add9d3\",\"tvn2\":\"\"}<\/script>\n\n\n\n<hr class=\"wp-block-separator has-alpha-channel-opacity\"\/>\n\n\n\n<div class=\"wp-block-media-text alignfull is-stacked-on-mobile is-vertically-aligned-center\"><figure class=\"wp-block-media-text__media\"><img data-recalc-dims=\"1\" loading=\"lazy\" decoding=\"async\" width=\"1024\" height=\"697\" src=\"https:\/\/i0.wp.com\/odysseeraoul.com\/wp-content\/uploads\/2021\/08\/ZCMR-Enfants3-1024x697.jpg?resize=1024%2C697&#038;ssl=1\" alt=\"\" class=\"wp-image-167 size-full\" srcset=\"https:\/\/i0.wp.com\/odysseeraoul.com\/wp-content\/uploads\/2021\/08\/ZCMR-Enfants3-scaled.jpg?resize=1024%2C697&amp;ssl=1 1024w, https:\/\/i0.wp.com\/odysseeraoul.com\/wp-content\/uploads\/2021\/08\/ZCMR-Enfants3-scaled.jpg?resize=300%2C204&amp;ssl=1 300w, https:\/\/i0.wp.com\/odysseeraoul.com\/wp-content\/uploads\/2021\/08\/ZCMR-Enfants3-scaled.jpg?resize=768%2C523&amp;ssl=1 768w, https:\/\/i0.wp.com\/odysseeraoul.com\/wp-content\/uploads\/2021\/08\/ZCMR-Enfants3-scaled.jpg?resize=1536%2C1045&amp;ssl=1 1536w, https:\/\/i0.wp.com\/odysseeraoul.com\/wp-content\/uploads\/2021\/08\/ZCMR-Enfants3-scaled.jpg?resize=2048%2C1394&amp;ssl=1 2048w, https:\/\/i0.wp.com\/odysseeraoul.com\/wp-content\/uploads\/2021\/08\/ZCMR-Enfants3-scaled.jpg?w=2400&amp;ssl=1 2400w\" sizes=\"auto, (max-width: 1024px) 100vw, 1024px\" \/><\/figure><div class=\"wp-block-media-text__content\">\n<h3 class=\"wp-block-heading has-text-align-center has-text-color\" style=\"color:#000000\"><strong>Faites venir Raoul <\/strong>!<\/h3>\n\n\n\n<p>Par notre mobilit\u00e9 et notre capacit\u00e9 d&rsquo;accueil (jusqu&rsquo;\u00e0 6 personnes \u00e0 l&rsquo;int\u00e9rieur du camion, jusqu&rsquo;\u00e0 10 personnes en salle ou en ext\u00e9rieur), nous vous proposons nos services pour une activit\u00e9 haute en couleur ! <\/p>\n\n\n\n<p>Envoyez-nous votre demande \u00e0 l&rsquo;adresse :<\/p>\n\n\n\n<p class=\"has-text-align-center has-extra-small-font-size\"><a href=\"mailto:\">odysseeraoul@gmail.com<\/a><\/p>\n<\/div><\/div>\n","protected":false},"excerpt":{"rendered":"<p>10\u20ac \u2014 Adh\u00e9rer \u00e0 l&rsquo;association \u00ab\u00a0L&rsquo;Odyss\u00e9e de Raoul\u00a0\u00bb Depuis le d\u00e9but de projet nous avons vu un r\u00e9el engouement envers cette aventure et nous tenons \u00e0 vous remercier chaleureusement !&hellip;&nbsp;<a href=\"https:\/\/odysseeraoul.com\/index.php\/infos-tarifs\/\" class=\"\" rel=\"bookmark\">Lire la suite &raquo;<span class=\"screen-reader-text\">Infos \/ Tarifs<\/span><\/a><\/p>\n","protected":false},"author":1,"featured_media":0,"parent":0,"menu_order":0,"comment_status":"closed","ping_status":"closed","template":"","meta":{"neve_meta_sidebar":"","neve_meta_container":"","neve_meta_enable_content_width":"","neve_meta_content_width":0,"neve_meta_title_alignment":"","neve_meta_author_avatar":"","neve_post_elements_order":"","neve_meta_disable_header":"","neve_meta_disable_footer":"","neve_meta_disable_title":"","_themeisle_gutenberg_block_has_review":false,"_ti_tpc_template_sync":false,"_ti_tpc_template_id":"","jetpack_post_was_ever_published":false,"footnotes":""},"class_list":["post-428","page","type-page","status-publish","hentry"],"jetpack_sharing_enabled":true,"_links":{"self":[{"href":"https:\/\/odysseeraoul.com\/index.php\/wp-json\/wp\/v2\/pages\/428","targetHints":{"allow":["GET"]}}],"collection":[{"href":"https:\/\/odysseeraoul.com\/index.php\/wp-json\/wp\/v2\/pages"}],"about":[{"href":"https:\/\/odysseeraoul.com\/index.php\/wp-json\/wp\/v2\/types\/page"}],"author":[{"embeddable":true,"href":"https:\/\/odysseeraoul.com\/index.php\/wp-json\/wp\/v2\/users\/1"}],"replies":[{"embeddable":true,"href":"https:\/\/odysseeraoul.com\/index.php\/wp-json\/wp\/v2\/comments?post=428"}],"version-history":[{"count":13,"href":"https:\/\/odysseeraoul.com\/index.php\/wp-json\/wp\/v2\/pages\/428\/revisions"}],"predecessor-version":[{"id":869,"href":"https:\/\/odysseeraoul.com\/index.php\/wp-json\/wp\/v2\/pages\/428\/revisions\/869"}],"wp:attachment":[{"href":"https:\/\/odysseeraoul.com\/index.php\/wp-json\/wp\/v2\/media?parent=428"}],"curies":[{"name":"wp","href":"https:\/\/api.w.org\/{rel}","templated":true}]}}